{"id":1221,"date":"2018-05-31T14:30:21","date_gmt":"2018-05-31T14:30:21","guid":{"rendered":"http:\/\/centrolada.com\/autopartes\/?page_id=1221"},"modified":"2018-12-04T14:30:23","modified_gmt":"2018-12-04T14:30:23","slug":"lada-laika","status":"publish","type":"page","link":"https:\/\/centrolada.com\/autopartes\/lada-laika\/","title":{"rendered":"Lada Laika"},"content":{"rendered":"<p>&nbsp;<br \/>\n<strong>LAIKA 1200\/1500\/1600 | Datos t\u00e9cnicos <\/strong><\/p>\n<p>Luz de v\u00e1lvulas (En Fr\u00edo):\tE y A 0,15 mm, con GNC 0,18 mm<br \/>\nAjuste tapa de cilindros:\tPreliminar 4 kg, FINAL 11,5\/12 kg<br \/>\nRelaci\u00f3n de compresi\u00f3n\t:<br \/>\nCilindrada  1200<br \/>\nCilindrada  1500<br \/>\nCilindrada  1600:\t\t1568 (di\u00e1metro 79, carrera 80mm)<br \/>\nNeum\u00e1ticos\t:\t\t175\/70R\/13<br \/>\nVelocidad m\u00e1xima (seg\u00fan manual): 145 km\/h<br \/>\nPotencia\t\t:\t74,5 CV(1600)<br \/>\nPeso (sin carga)\t:\t995 kg<br \/>\nCarga \u00fatil\t\t:\t400kg (1600)<br \/>\nAceleraci\u00f3n\t\t:\t18 seg.<br \/>\nCapacidad aceite motor\t:\t3,75 litros (incluye filtro de aceite) (20W-40)<br \/>\nCapacidad aceite caja de velocidades: 1,55 litros (85W &#8211; 90 API: GL-5)<br \/>\nCapacidad diferencial trasero: \t1,30 litros (85W &#8211; 90 API: GL -5)<br \/>\nCapacidad aceite caja de direcci\u00f3n: 0,275 litros (85W &#8211; 90 API GL-5)<br \/>\nCapacidad de refrigerante:\t10,7 litros<br \/>\nLuz de platinos\t\t:\t0,40+\/-0,05 mm<br \/>\nLuz de buj\u00edas\t\t:\t0,5\/0,6 mm<br \/>\nCapacidad de combustible :\t39 litros (incluidos4 a 6,5 litros de reserva)<\/p>\n","protected":false},"excerpt":{"rendered":"<p>Luz de v\u00e1lvulas &#8211; Ajuste tapa de cilindros<br \/>\nRelaci\u00f3n de compresi\u00f3n &#8211; Cilindrada 1200<br \/>\nCilindrada 1500 &#8211; Cilindrada 1600<br \/>\nNeum\u00e1ticos &#8211; Potencia &#8211; Peso &#8211; Carga \u00fatil<\/p>\n","protected":false},"author":2,"featured_media":1215,"parent":0,"menu_order":0,"comment_status":"closed","ping_status":"closed","template":"","meta":{"footnotes":""},"class_list":["post-1221","page","type-page","status-publish","has-post-thumbnail","hentry"],"yoast_head":"<!-- This site is optimized with the Yoast SEO plugin v27.3 - https:\/\/yoast.com\/product\/yoast-seo-wordpress\/ -->\n<title>Lada Laika - CENTRO LADA REPUESTOS<\/title>\n<meta name=\"robots\" content=\"index, follow, max-snippet:-1, max-image-preview:large, max-video-preview:-1\" \/>\n<link rel=\"canonical\" href=\"https:\/\/centrolada.com\/autopartes\/lada-laika\/\" \/>\n<meta property=\"og:locale\" content=\"es_ES\" \/>\n<meta property=\"og:type\" content=\"article\" \/>\n<meta property=\"og:title\" content=\"Lada Laika - CENTRO LADA REPUESTOS\" \/>\n<meta property=\"og:description\" content=\"Luz de v\u00e1lvulas - Ajuste tapa de cilindros Relaci\u00f3n de compresi\u00f3n - Cilindrada 1200 Cilindrada 1500 - Cilindrada 1600 Neum\u00e1ticos - Potencia - Peso - Carga \u00fatil\" \/>\n<meta property=\"og:url\" content=\"https:\/\/centrolada.com\/autopartes\/lada-laika\/\" \/>\n<meta property=\"og:site_name\" content=\"CENTRO LADA REPUESTOS\" \/>\n<meta property=\"article:modified_time\" content=\"2018-12-04T14:30:23+00:00\" \/>\n<meta property=\"og:image\" content=\"https:\/\/centrolada.com\/autopartes\/wp-content\/uploads\/2018\/05\/lada_laika.jpg\" \/>\n\t<meta property=\"og:image:width\" content=\"1024\" \/>\n\t<meta property=\"og:image:height\" content=\"768\" \/>\n\t<meta property=\"og:image:type\" content=\"image\/jpeg\" \/>\n<meta name=\"twitter:card\" content=\"summary_large_image\" \/>\n<meta name=\"twitter:label1\" content=\"Tiempo de lectura\" \/>\n\t<meta name=\"twitter:data1\" content=\"1 minuto\" \/>\n<script type=\"application\/ld+json\" class=\"yoast-schema-graph\">{\"@context\":\"https:\\\/\\\/schema.org\",\"@graph\":[{\"@type\":\"WebPage\",\"@id\":\"https:\\\/\\\/centrolada.com\\\/autopartes\\\/lada-laika\\\/\",\"url\":\"https:\\\/\\\/centrolada.com\\\/autopartes\\\/lada-laika\\\/\",\"name\":\"Lada Laika - CENTRO LADA REPUESTOS\",\"isPartOf\":{\"@id\":\"https:\\\/\\\/centrolada.com\\\/autopartes\\\/#website\"},\"primaryImageOfPage\":{\"@id\":\"https:\\\/\\\/centrolada.com\\\/autopartes\\\/lada-laika\\\/#primaryimage\"},\"image\":{\"@id\":\"https:\\\/\\\/centrolada.com\\\/autopartes\\\/lada-laika\\\/#primaryimage\"},\"thumbnailUrl\":\"https:\\\/\\\/centrolada.com\\\/autopartes\\\/wp-content\\\/uploads\\\/2018\\\/05\\\/lada_laika.jpg\",\"datePublished\":\"2018-05-31T14:30:21+00:00\",\"dateModified\":\"2018-12-04T14:30:23+00:00\",\"breadcrumb\":{\"@id\":\"https:\\\/\\\/centrolada.com\\\/autopartes\\\/lada-laika\\\/#breadcrumb\"},\"inLanguage\":\"es\",\"potentialAction\":[{\"@type\":\"ReadAction\",\"target\":[\"https:\\\/\\\/centrolada.com\\\/autopartes\\\/lada-laika\\\/\"]}]},{\"@type\":\"ImageObject\",\"inLanguage\":\"es\",\"@id\":\"https:\\\/\\\/centrolada.com\\\/autopartes\\\/lada-laika\\\/#primaryimage\",\"url\":\"https:\\\/\\\/centrolada.com\\\/autopartes\\\/wp-content\\\/uploads\\\/2018\\\/05\\\/lada_laika.jpg\",\"contentUrl\":\"https:\\\/\\\/centrolada.com\\\/autopartes\\\/wp-content\\\/uploads\\\/2018\\\/05\\\/lada_laika.jpg\",\"width\":1024,\"height\":768},{\"@type\":\"BreadcrumbList\",\"@id\":\"https:\\\/\\\/centrolada.com\\\/autopartes\\\/lada-laika\\\/#breadcrumb\",\"itemListElement\":[{\"@type\":\"ListItem\",\"position\":1,\"name\":\"Portada\",\"item\":\"https:\\\/\\\/centrolada.com\\\/autopartes\\\/\"},{\"@type\":\"ListItem\",\"position\":2,\"name\":\"Lada Laika\"}]},{\"@type\":\"WebSite\",\"@id\":\"https:\\\/\\\/centrolada.com\\\/autopartes\\\/#website\",\"url\":\"https:\\\/\\\/centrolada.com\\\/autopartes\\\/\",\"name\":\"CENTRO LADA REPUESTOS\",\"description\":\"Autopartes de multi marca\",\"publisher\":{\"@id\":\"https:\\\/\\\/centrolada.com\\\/autopartes\\\/#organization\"},\"potentialAction\":[{\"@type\":\"SearchAction\",\"target\":{\"@type\":\"EntryPoint\",\"urlTemplate\":\"https:\\\/\\\/centrolada.com\\\/autopartes\\\/?s={search_term_string}\"},\"query-input\":{\"@type\":\"PropertyValueSpecification\",\"valueRequired\":true,\"valueName\":\"search_term_string\"}}],\"inLanguage\":\"es\"},{\"@type\":\"Organization\",\"@id\":\"https:\\\/\\\/centrolada.com\\\/autopartes\\\/#organization\",\"name\":\"CENTRO LADA REPUESTOS\",\"url\":\"https:\\\/\\\/centrolada.com\\\/autopartes\\\/\",\"logo\":{\"@type\":\"ImageObject\",\"inLanguage\":\"es\",\"@id\":\"https:\\\/\\\/centrolada.com\\\/autopartes\\\/#\\\/schema\\\/logo\\\/image\\\/\",\"url\":\"https:\\\/\\\/centrolada.com\\\/autopartes\\\/wp-content\\\/uploads\\\/2018\\\/05\\\/logo_autopartes.png\",\"contentUrl\":\"https:\\\/\\\/centrolada.com\\\/autopartes\\\/wp-content\\\/uploads\\\/2018\\\/05\\\/logo_autopartes.png\",\"width\":180,\"height\":109,\"caption\":\"CENTRO LADA REPUESTOS\"},\"image\":{\"@id\":\"https:\\\/\\\/centrolada.com\\\/autopartes\\\/#\\\/schema\\\/logo\\\/image\\\/\"}}]}<\/script>\n<!-- \/ Yoast SEO plugin. -->","yoast_head_json":{"title":"Lada Laika - CENTRO LADA REPUESTOS","robots":{"index":"index","follow":"follow","max-snippet":"max-snippet:-1","max-image-preview":"max-image-preview:large","max-video-preview":"max-video-preview:-1"},"canonical":"https:\/\/centrolada.com\/autopartes\/lada-laika\/","og_locale":"es_ES","og_type":"article","og_title":"Lada Laika - CENTRO LADA REPUESTOS","og_description":"Luz de v\u00e1lvulas - Ajuste tapa de cilindros Relaci\u00f3n de compresi\u00f3n - Cilindrada 1200 Cilindrada 1500 - Cilindrada 1600 Neum\u00e1ticos - Potencia - Peso - Carga \u00fatil","og_url":"https:\/\/centrolada.com\/autopartes\/lada-laika\/","og_site_name":"CENTRO LADA REPUESTOS","article_modified_time":"2018-12-04T14:30:23+00:00","og_image":[{"width":1024,"height":768,"url":"https:\/\/centrolada.com\/autopartes\/wp-content\/uploads\/2018\/05\/lada_laika.jpg","type":"image\/jpeg"}],"twitter_card":"summary_large_image","twitter_misc":{"Tiempo de lectura":"1 minuto"},"schema":{"@context":"https:\/\/schema.org","@graph":[{"@type":"WebPage","@id":"https:\/\/centrolada.com\/autopartes\/lada-laika\/","url":"https:\/\/centrolada.com\/autopartes\/lada-laika\/","name":"Lada Laika - CENTRO LADA REPUESTOS","isPartOf":{"@id":"https:\/\/centrolada.com\/autopartes\/#website"},"primaryImageOfPage":{"@id":"https:\/\/centrolada.com\/autopartes\/lada-laika\/#primaryimage"},"image":{"@id":"https:\/\/centrolada.com\/autopartes\/lada-laika\/#primaryimage"},"thumbnailUrl":"https:\/\/centrolada.com\/autopartes\/wp-content\/uploads\/2018\/05\/lada_laika.jpg","datePublished":"2018-05-31T14:30:21+00:00","dateModified":"2018-12-04T14:30:23+00:00","breadcrumb":{"@id":"https:\/\/centrolada.com\/autopartes\/lada-laika\/#breadcrumb"},"inLanguage":"es","potentialAction":[{"@type":"ReadAction","target":["https:\/\/centrolada.com\/autopartes\/lada-laika\/"]}]},{"@type":"ImageObject","inLanguage":"es","@id":"https:\/\/centrolada.com\/autopartes\/lada-laika\/#primaryimage","url":"https:\/\/centrolada.com\/autopartes\/wp-content\/uploads\/2018\/05\/lada_laika.jpg","contentUrl":"https:\/\/centrolada.com\/autopartes\/wp-content\/uploads\/2018\/05\/lada_laika.jpg","width":1024,"height":768},{"@type":"BreadcrumbList","@id":"https:\/\/centrolada.com\/autopartes\/lada-laika\/#breadcrumb","itemListElement":[{"@type":"ListItem","position":1,"name":"Portada","item":"https:\/\/centrolada.com\/autopartes\/"},{"@type":"ListItem","position":2,"name":"Lada Laika"}]},{"@type":"WebSite","@id":"https:\/\/centrolada.com\/autopartes\/#website","url":"https:\/\/centrolada.com\/autopartes\/","name":"CENTRO LADA REPUESTOS","description":"Autopartes de multi marca","publisher":{"@id":"https:\/\/centrolada.com\/autopartes\/#organization"},"potentialAction":[{"@type":"SearchAction","target":{"@type":"EntryPoint","urlTemplate":"https:\/\/centrolada.com\/autopartes\/?s={search_term_string}"},"query-input":{"@type":"PropertyValueSpecification","valueRequired":true,"valueName":"search_term_string"}}],"inLanguage":"es"},{"@type":"Organization","@id":"https:\/\/centrolada.com\/autopartes\/#organization","name":"CENTRO LADA REPUESTOS","url":"https:\/\/centrolada.com\/autopartes\/","logo":{"@type":"ImageObject","inLanguage":"es","@id":"https:\/\/centrolada.com\/autopartes\/#\/schema\/logo\/image\/","url":"https:\/\/centrolada.com\/autopartes\/wp-content\/uploads\/2018\/05\/logo_autopartes.png","contentUrl":"https:\/\/centrolada.com\/autopartes\/wp-content\/uploads\/2018\/05\/logo_autopartes.png","width":180,"height":109,"caption":"CENTRO LADA REPUESTOS"},"image":{"@id":"https:\/\/centrolada.com\/autopartes\/#\/schema\/logo\/image\/"}}]}},"_links":{"self":[{"href":"https:\/\/centrolada.com\/autopartes\/wp-json\/wp\/v2\/pages\/1221","targetHints":{"allow":["GET"]}}],"collection":[{"href":"https:\/\/centrolada.com\/autopartes\/wp-json\/wp\/v2\/pages"}],"about":[{"href":"https:\/\/centrolada.com\/autopartes\/wp-json\/wp\/v2\/types\/page"}],"author":[{"embeddable":true,"href":"https:\/\/centrolada.com\/autopartes\/wp-json\/wp\/v2\/users\/2"}],"replies":[{"embeddable":true,"href":"https:\/\/centrolada.com\/autopartes\/wp-json\/wp\/v2\/comments?post=1221"}],"version-history":[{"count":3,"href":"https:\/\/centrolada.com\/autopartes\/wp-json\/wp\/v2\/pages\/1221\/revisions"}],"predecessor-version":[{"id":1350,"href":"https:\/\/centrolada.com\/autopartes\/wp-json\/wp\/v2\/pages\/1221\/revisions\/1350"}],"wp:featuredmedia":[{"embeddable":true,"href":"https:\/\/centrolada.com\/autopartes\/wp-json\/wp\/v2\/media\/1215"}],"wp:attachment":[{"href":"https:\/\/centrolada.com\/autopartes\/wp-json\/wp\/v2\/media?parent=1221"}],"curies":[{"name":"wp","href":"https:\/\/api.w.org\/{rel}","templated":true}]}}