{"id":1212,"date":"2018-05-31T14:01:25","date_gmt":"2018-05-31T14:01:25","guid":{"rendered":"http:\/\/centrolada.com\/autopartes\/?page_id=1212"},"modified":"2018-12-04T15:22:33","modified_gmt":"2018-12-04T15:22:33","slug":"niva","status":"publish","type":"page","link":"https:\/\/centrolada.com\/autopartes\/niva\/","title":{"rendered":"Lada Niva"},"content":{"rendered":"<p>&nbsp;<br \/>\n<strong>NIVA 1600\t | Datos t\u00e9cnicos <\/strong><\/p>\n<p>Luz de v\u00e1lvulas (En Fr\u00edo)\t:\tA y E 0,15 mm,  con GNC 0,18 mm<br \/>\nAjuste tapa de cilindros\t:\tpreliminar 4 kg, FINAL 11,5\/12 kg<br \/>\nRelaci\u00f3n de compresi\u00f3n\t\t:\t8,5 a 1<br \/>\nCilindrada\t\t\t:\t1568 (di\u00e1metro 79mm, carrera 80mm)<br \/>\nNeum\u00e1ticos\t\t\t:\t175\/80R\/16 o 185\/75R\/16<br \/>\nPotencia\t\t\t:\t74,5 CV<br \/>\nPeso (sin carga)\t\t:\t1550 kg<br \/>\nCarga \u00fatil\t\t\t:\t400 kg<br \/>\nAceleraci\u00f3n de 0 a 100 km\/h\t:\t23 seg.<br \/>\nVelocidad m\u00e1xima\t\t:\t132 km\/h<br \/>\nCapacidad aceite motor \t\t:\t3,75 litros (incluye filtro de aceite) (20W &#8211; 40)<br \/>\nCapacidad aceite caja de velocidades: \t1,55 litros (85W &#8211; 90 API GL-5)<br \/>\nCapacidad aceite caja de transferencia :0,750 litros (85W-90 API GL-5)<br \/>\nCapacidad diferencial delantero\t:\t1,50 litros (85W-90 API GL-5)<br \/>\nCapacidad diferencial trasero\t: 1,30 litros (85W-90 API GL-5)<br \/>\nCapacidad aceite caja de direcci\u00f3n : 0,275 litros (85W-90 API GL-5)<br \/>\nCapacidad de refrigerante\t: 10,7 litros<br \/>\nLuz de platinos\t\t\t: 0,40+\/.0,05 mm<br \/>\nLuz de buj\u00edas\t\t\t: 0,5\/0,6 mm<br \/>\nCapacidad de combustible\t\t: 42 litros (incluidos 4 a 6,5 litros de reserva)<\/p>\n<p>&nbsp;<br \/>\n<strong>NIVA 1700 (21213) | Datos t\u00e9cnicos <\/strong><\/p>\n<p>Luz de v\u00e1lvulas (En Fr\u00edo): A y E 0,20 mm,  con GNC 0, 23 mm<br \/>\nAjuste tapa de cilindros: preliminar 4 kg, FINAL 11,5\/12 kg<br \/>\nRelaci\u00f3n de compresi\u00f3n: 9,3 a 1<br \/>\nCilindrada: 1690 (di\u00e1metro 82mm, carrera 80mm)<br \/>\nNeum\u00e1ticos: 175\/80R\/16 o 185\/75R\/16<br \/>\nPotencia: 78,9 CV<br \/>\nPeso (sin carga): 1210 kg<br \/>\nCarga \u00fatil: 400 kg<br \/>\nAceleraci\u00f3n de 0 a 100 km\/h: 19 seg.<br \/>\nVelocidad m\u00e1xima: 137 km\/h<br \/>\nCapacidad aceite motor: 3,75 litros (incluye filtro de aceite) (20W-40)<br \/>\nCapacidad aceite caja de velocidades: 1,55 litros (85W-90 API GL-5)<br \/>\nCapacidad aceite caja de transferencia: 0,750 litros (85W-90 API GL-5)<br \/>\nCapacidad diferencial delantero: 1,50 litros (85W-90 API GL-5)<br \/>\nCapacidad diferencial trasero: 1,30 litros (85W-90 API GL-5)<br \/>\nCapacidad aceite caja de direcci\u00f3n: 0,275 litros (85W-90 API GL-5)<br \/>\nCapacidad de refrigerante: 10,7 litros<br \/>\nLuz de platinos\t:0,40+\/-0,05 mm<br \/>\nLuz de buj\u00edas: 0,5\/0,6 mm<br \/>\nCapacidad de combustible: 42 litros (incluidos4 a 6,5 litros de reserva)<\/p>\n","protected":false},"excerpt":{"rendered":"<p>Luz de v\u00e1lvulas &#8211; Ajuste tapa de cilindros<br \/>\nRelaci\u00f3n de compresi\u00f3n &#8211; Cilindrada<br \/>\nNeum\u00e1ticos &#8211; Potencia -Peso<br \/>\nCarga \u00fatil &#8211; Aceleraci\u00f3n de 0 a 100 km\/h<br \/>\nVelocidad m\u00e1xima<\/p>\n","protected":false},"author":2,"featured_media":1216,"parent":0,"menu_order":0,"comment_status":"closed","ping_status":"closed","template":"","meta":{"footnotes":""},"class_list":["post-1212","page","type-page","status-publish","has-post-thumbnail","hentry"],"yoast_head":"<!-- This site is optimized with the Yoast SEO plugin v27.3 - https:\/\/yoast.com\/product\/yoast-seo-wordpress\/ -->\n<title>Lada Niva - CENTRO LADA REPUESTOS<\/title>\n<meta name=\"robots\" content=\"index, follow, max-snippet:-1, max-image-preview:large, max-video-preview:-1\" \/>\n<link rel=\"canonical\" href=\"https:\/\/centrolada.com\/autopartes\/niva\/\" \/>\n<meta property=\"og:locale\" content=\"es_ES\" \/>\n<meta property=\"og:type\" content=\"article\" \/>\n<meta property=\"og:title\" content=\"Lada Niva - CENTRO LADA REPUESTOS\" \/>\n<meta property=\"og:description\" content=\"Luz de v\u00e1lvulas - Ajuste tapa de cilindros Relaci\u00f3n de compresi\u00f3n - Cilindrada Neum\u00e1ticos - Potencia -Peso Carga \u00fatil - Aceleraci\u00f3n de 0 a 100 km\/h Velocidad m\u00e1xima\" \/>\n<meta property=\"og:url\" content=\"https:\/\/centrolada.com\/autopartes\/niva\/\" \/>\n<meta property=\"og:site_name\" content=\"CENTRO LADA REPUESTOS\" \/>\n<meta property=\"article:modified_time\" content=\"2018-12-04T15:22:33+00:00\" \/>\n<meta property=\"og:image\" content=\"https:\/\/centrolada.com\/autopartes\/wp-content\/uploads\/2018\/05\/lada_niva.jpg\" \/>\n\t<meta property=\"og:image:width\" content=\"1024\" \/>\n\t<meta property=\"og:image:height\" content=\"768\" \/>\n\t<meta property=\"og:image:type\" content=\"image\/jpeg\" \/>\n<meta name=\"twitter:card\" content=\"summary_large_image\" \/>\n<meta name=\"twitter:label1\" content=\"Tiempo de lectura\" \/>\n\t<meta name=\"twitter:data1\" content=\"1 minuto\" \/>\n<script type=\"application\/ld+json\" class=\"yoast-schema-graph\">{\"@context\":\"https:\\\/\\\/schema.org\",\"@graph\":[{\"@type\":\"WebPage\",\"@id\":\"https:\\\/\\\/centrolada.com\\\/autopartes\\\/niva\\\/\",\"url\":\"https:\\\/\\\/centrolada.com\\\/autopartes\\\/niva\\\/\",\"name\":\"Lada Niva - CENTRO LADA REPUESTOS\",\"isPartOf\":{\"@id\":\"https:\\\/\\\/centrolada.com\\\/autopartes\\\/#website\"},\"primaryImageOfPage\":{\"@id\":\"https:\\\/\\\/centrolada.com\\\/autopartes\\\/niva\\\/#primaryimage\"},\"image\":{\"@id\":\"https:\\\/\\\/centrolada.com\\\/autopartes\\\/niva\\\/#primaryimage\"},\"thumbnailUrl\":\"https:\\\/\\\/centrolada.com\\\/autopartes\\\/wp-content\\\/uploads\\\/2018\\\/05\\\/lada_niva.jpg\",\"datePublished\":\"2018-05-31T14:01:25+00:00\",\"dateModified\":\"2018-12-04T15:22:33+00:00\",\"breadcrumb\":{\"@id\":\"https:\\\/\\\/centrolada.com\\\/autopartes\\\/niva\\\/#breadcrumb\"},\"inLanguage\":\"es\",\"potentialAction\":[{\"@type\":\"ReadAction\",\"target\":[\"https:\\\/\\\/centrolada.com\\\/autopartes\\\/niva\\\/\"]}]},{\"@type\":\"ImageObject\",\"inLanguage\":\"es\",\"@id\":\"https:\\\/\\\/centrolada.com\\\/autopartes\\\/niva\\\/#primaryimage\",\"url\":\"https:\\\/\\\/centrolada.com\\\/autopartes\\\/wp-content\\\/uploads\\\/2018\\\/05\\\/lada_niva.jpg\",\"contentUrl\":\"https:\\\/\\\/centrolada.com\\\/autopartes\\\/wp-content\\\/uploads\\\/2018\\\/05\\\/lada_niva.jpg\",\"width\":1024,\"height\":768},{\"@type\":\"BreadcrumbList\",\"@id\":\"https:\\\/\\\/centrolada.com\\\/autopartes\\\/niva\\\/#breadcrumb\",\"itemListElement\":[{\"@type\":\"ListItem\",\"position\":1,\"name\":\"Portada\",\"item\":\"https:\\\/\\\/centrolada.com\\\/autopartes\\\/\"},{\"@type\":\"ListItem\",\"position\":2,\"name\":\"Lada Niva\"}]},{\"@type\":\"WebSite\",\"@id\":\"https:\\\/\\\/centrolada.com\\\/autopartes\\\/#website\",\"url\":\"https:\\\/\\\/centrolada.com\\\/autopartes\\\/\",\"name\":\"CENTRO LADA REPUESTOS\",\"description\":\"Autopartes de multi marca\",\"publisher\":{\"@id\":\"https:\\\/\\\/centrolada.com\\\/autopartes\\\/#organization\"},\"potentialAction\":[{\"@type\":\"SearchAction\",\"target\":{\"@type\":\"EntryPoint\",\"urlTemplate\":\"https:\\\/\\\/centrolada.com\\\/autopartes\\\/?s={search_term_string}\"},\"query-input\":{\"@type\":\"PropertyValueSpecification\",\"valueRequired\":true,\"valueName\":\"search_term_string\"}}],\"inLanguage\":\"es\"},{\"@type\":\"Organization\",\"@id\":\"https:\\\/\\\/centrolada.com\\\/autopartes\\\/#organization\",\"name\":\"CENTRO LADA REPUESTOS\",\"url\":\"https:\\\/\\\/centrolada.com\\\/autopartes\\\/\",\"logo\":{\"@type\":\"ImageObject\",\"inLanguage\":\"es\",\"@id\":\"https:\\\/\\\/centrolada.com\\\/autopartes\\\/#\\\/schema\\\/logo\\\/image\\\/\",\"url\":\"https:\\\/\\\/centrolada.com\\\/autopartes\\\/wp-content\\\/uploads\\\/2018\\\/05\\\/logo_autopartes.png\",\"contentUrl\":\"https:\\\/\\\/centrolada.com\\\/autopartes\\\/wp-content\\\/uploads\\\/2018\\\/05\\\/logo_autopartes.png\",\"width\":180,\"height\":109,\"caption\":\"CENTRO LADA REPUESTOS\"},\"image\":{\"@id\":\"https:\\\/\\\/centrolada.com\\\/autopartes\\\/#\\\/schema\\\/logo\\\/image\\\/\"}}]}<\/script>\n<!-- \/ Yoast SEO plugin. -->","yoast_head_json":{"title":"Lada Niva - CENTRO LADA REPUESTOS","robots":{"index":"index","follow":"follow","max-snippet":"max-snippet:-1","max-image-preview":"max-image-preview:large","max-video-preview":"max-video-preview:-1"},"canonical":"https:\/\/centrolada.com\/autopartes\/niva\/","og_locale":"es_ES","og_type":"article","og_title":"Lada Niva - CENTRO LADA REPUESTOS","og_description":"Luz de v\u00e1lvulas - Ajuste tapa de cilindros Relaci\u00f3n de compresi\u00f3n - Cilindrada Neum\u00e1ticos - Potencia -Peso Carga \u00fatil - Aceleraci\u00f3n de 0 a 100 km\/h Velocidad m\u00e1xima","og_url":"https:\/\/centrolada.com\/autopartes\/niva\/","og_site_name":"CENTRO LADA REPUESTOS","article_modified_time":"2018-12-04T15:22:33+00:00","og_image":[{"width":1024,"height":768,"url":"https:\/\/centrolada.com\/autopartes\/wp-content\/uploads\/2018\/05\/lada_niva.jpg","type":"image\/jpeg"}],"twitter_card":"summary_large_image","twitter_misc":{"Tiempo de lectura":"1 minuto"},"schema":{"@context":"https:\/\/schema.org","@graph":[{"@type":"WebPage","@id":"https:\/\/centrolada.com\/autopartes\/niva\/","url":"https:\/\/centrolada.com\/autopartes\/niva\/","name":"Lada Niva - CENTRO LADA REPUESTOS","isPartOf":{"@id":"https:\/\/centrolada.com\/autopartes\/#website"},"primaryImageOfPage":{"@id":"https:\/\/centrolada.com\/autopartes\/niva\/#primaryimage"},"image":{"@id":"https:\/\/centrolada.com\/autopartes\/niva\/#primaryimage"},"thumbnailUrl":"https:\/\/centrolada.com\/autopartes\/wp-content\/uploads\/2018\/05\/lada_niva.jpg","datePublished":"2018-05-31T14:01:25+00:00","dateModified":"2018-12-04T15:22:33+00:00","breadcrumb":{"@id":"https:\/\/centrolada.com\/autopartes\/niva\/#breadcrumb"},"inLanguage":"es","potentialAction":[{"@type":"ReadAction","target":["https:\/\/centrolada.com\/autopartes\/niva\/"]}]},{"@type":"ImageObject","inLanguage":"es","@id":"https:\/\/centrolada.com\/autopartes\/niva\/#primaryimage","url":"https:\/\/centrolada.com\/autopartes\/wp-content\/uploads\/2018\/05\/lada_niva.jpg","contentUrl":"https:\/\/centrolada.com\/autopartes\/wp-content\/uploads\/2018\/05\/lada_niva.jpg","width":1024,"height":768},{"@type":"BreadcrumbList","@id":"https:\/\/centrolada.com\/autopartes\/niva\/#breadcrumb","itemListElement":[{"@type":"ListItem","position":1,"name":"Portada","item":"https:\/\/centrolada.com\/autopartes\/"},{"@type":"ListItem","position":2,"name":"Lada Niva"}]},{"@type":"WebSite","@id":"https:\/\/centrolada.com\/autopartes\/#website","url":"https:\/\/centrolada.com\/autopartes\/","name":"CENTRO LADA REPUESTOS","description":"Autopartes de multi marca","publisher":{"@id":"https:\/\/centrolada.com\/autopartes\/#organization"},"potentialAction":[{"@type":"SearchAction","target":{"@type":"EntryPoint","urlTemplate":"https:\/\/centrolada.com\/autopartes\/?s={search_term_string}"},"query-input":{"@type":"PropertyValueSpecification","valueRequired":true,"valueName":"search_term_string"}}],"inLanguage":"es"},{"@type":"Organization","@id":"https:\/\/centrolada.com\/autopartes\/#organization","name":"CENTRO LADA REPUESTOS","url":"https:\/\/centrolada.com\/autopartes\/","logo":{"@type":"ImageObject","inLanguage":"es","@id":"https:\/\/centrolada.com\/autopartes\/#\/schema\/logo\/image\/","url":"https:\/\/centrolada.com\/autopartes\/wp-content\/uploads\/2018\/05\/logo_autopartes.png","contentUrl":"https:\/\/centrolada.com\/autopartes\/wp-content\/uploads\/2018\/05\/logo_autopartes.png","width":180,"height":109,"caption":"CENTRO LADA REPUESTOS"},"image":{"@id":"https:\/\/centrolada.com\/autopartes\/#\/schema\/logo\/image\/"}}]}},"_links":{"self":[{"href":"https:\/\/centrolada.com\/autopartes\/wp-json\/wp\/v2\/pages\/1212","targetHints":{"allow":["GET"]}}],"collection":[{"href":"https:\/\/centrolada.com\/autopartes\/wp-json\/wp\/v2\/pages"}],"about":[{"href":"https:\/\/centrolada.com\/autopartes\/wp-json\/wp\/v2\/types\/page"}],"author":[{"embeddable":true,"href":"https:\/\/centrolada.com\/autopartes\/wp-json\/wp\/v2\/users\/2"}],"replies":[{"embeddable":true,"href":"https:\/\/centrolada.com\/autopartes\/wp-json\/wp\/v2\/comments?post=1212"}],"version-history":[{"count":5,"href":"https:\/\/centrolada.com\/autopartes\/wp-json\/wp\/v2\/pages\/1212\/revisions"}],"predecessor-version":[{"id":1352,"href":"https:\/\/centrolada.com\/autopartes\/wp-json\/wp\/v2\/pages\/1212\/revisions\/1352"}],"wp:featuredmedia":[{"embeddable":true,"href":"https:\/\/centrolada.com\/autopartes\/wp-json\/wp\/v2\/media\/1216"}],"wp:attachment":[{"href":"https:\/\/centrolada.com\/autopartes\/wp-json\/wp\/v2\/media?parent=1212"}],"curies":[{"name":"wp","href":"https:\/\/api.w.org\/{rel}","templated":true}]}}